{"id":3701,"date":"2025-01-19T13:57:07","date_gmt":"2025-01-19T12:57:07","guid":{"rendered":"https:\/\/zimmervermietung-deutschland.de\/?page_id=3701"},"modified":"2025-01-19T14:12:03","modified_gmt":"2025-01-19T13:12:03","slug":"hausordnung","status":"publish","type":"page","link":"https:\/\/zimmervermietung-deutschland.de\/de\/hausordnung\/","title":{"rendered":"Hausordnung"},"content":{"rendered":"\n<h2 class=\"wp-block-heading\">Hausordnung<\/h2>\n\n\n\n<p><strong>Mutwillige Verstopfungen<\/strong><\/p>\n\n\n\n<p>Es ist verboten, Gegenst\u00e4nde wie Binden, Watte, Tampons, Zahnstocher, Kerne von Obst oder<br>\u00e4hnlichem in die Toilette, das Sp\u00fclbecken oder die Dusche zu werfen.<\/p>\n\n\n\n<p>Bei nachweisbarer Nichtbeachtung werden wir thnen die Kosten des Rohrreinigungsdienstes 1:1 in<br>Rechnung stellen.<\/p>\n\n\n\n<p><strong>Sauberkeit<\/strong><\/p>\n\n\n\n<p>Die R\u00e4ume d\u00fcrfen niemals mit dreckigen Schuhen betreten werden!<\/p>\n\n\n\n<p>Bitte stellen Sie diese im Flur ab.<\/p>\n\n\n\n<p>Bevor Sie die Treppen hinauf gehen, ziehen Sie bitte ebenfalls ihre Schuhe aus und bringen<br>gegebenenfalls ihre Hausschuhe mit, da unsere Treppen mit hochwertigem Teppichboden verlegt<br>sind.<\/p>\n\n\n\n<p>Alle K\u00fcchenutensilien wie Tassen, Teller, T\u00f6pfe, Besteck etc m\u00fcssen nach Benutzung auch f\u00fcr andere<br>Mitbewohner ordentlich gereinigt werden und in die Schr\u00e4nke gestellt werden.<\/p>\n\n\n\n<p>Wir bitten dringend, mit dem gesamten Inventar sowie den elektrischen Ger\u00e4ten vorsichtig<br>umzugehen. Bitte verschmutzen Sie auch keine Tapeten oder W\u00e4nde.<\/p>\n\n\n\n<p>Wenn Sie geduscht haben, lassen sie bitte mindestens 10 Minuten nach dem Duschen die<br>Badezimmert\u00fcren ganz offen stehen, damit die Luftfeuchtigkeit aus den B\u00e4dern ziehen kann.<\/p>\n\n\n\n<p><strong>Rauchen und Rauchmelder<\/strong><\/p>\n\n\n\n<p>Das Rauchen ist in KEINEM Raum gestattet!<\/p>\n\n\n\n<p>Im Au\u00dfenbereich darf bei geschlossener Eingangst\u00fcre geraucht werden, so dass der Rauch nicht ins<br>Innere der R\u00e4ume ziehen kann.<\/p>\n\n\n\n<p>Bitte benutzen Sie nach dem Rauchen die hierf\u00fcr Ihnen zur Verf\u00fcgung stehenden Aschenbecher und<br>leeren diese fr\u00fchzeitig aus, so dass die Aschenbecher nicht \u00fcberquellen und \u00fcbersch\u00fcssige Asche in<br>der Gegend herumfliegt.<\/p>\n\n\n\n<p>Rauchmelder: sollten von Ihnen wissentlich Rauchmelder manipuliert oder gar abmontiert werden,<br>weisen wir im Vorfeld darauf hin, dass dies strafbar ist und mit einer fristlosen K\u00fcndigung sowie einer<br>polizeilichen Anzeige von uns verfolgt wird. Sollte diese Handlung der Manipulation der Rauchmelder<br>erfolgen, wird keine R\u00fcckerstattung ihrer \u00dcbernachtungskosten erfolgen.<\/p>\n\n\n\n<p><strong>Nachtruhe<\/strong><\/p>\n\n\n\n<p>Die Nachtruhe beginnt um 20.00 Uhr!<\/p>\n\n\n\n<p>Ab diesem Zeitraum m\u00fcssen die Zimmert\u00fcren bitte geschlossen bleiben, gerade im Hinblick auf<br>Personen, die sehr fr\u00fch morgens zu ihrer Arbeitsstelle antreten m\u00fcssen.<\/p>\n\n\n\n<p>Somit ist der Schallpegel bitte auf ein Minimum zu reduzieren.<\/p>\n\n\n\n<p>Bitte haben Sie Verst\u00e4ndnis im Sinne ihrer anderen Mitbewohner, das lautes Reden, Singen oder laute<br>Musik im Flur nicht gestattet ist!<\/p>\n\n\n\n<p>Bitte halten Sie sich nach 20.30 Uhr nicht vor dem Eingangsbereich Ihrer Unterkunft auf, da die<br>direkten Nachbarn auf der gegen\u00fcberliegenden Stra\u00dfe wohnen und in der Abendruhe nicht<br>gest\u00f6rt werden m\u00f6chten.<\/p>\n\n\n\n<p>Wir w\u00fcnschen Ihnen einen angenehmen und erholsamen Aufenthalt bei uns!<\/p>\n\n\n\n<p>lhr Inteqmed- Team<br>Ines &amp; Stefan Bernhard<\/p>\n","protected":false},"excerpt":{"rendered":"<p>Hausordnung Mutwillige Verstopfungen Es ist verboten, Gegenst\u00e4nde wie Binden, Watte, Tampons, Zahnstocher, Kerne von Obst oder\u00e4hnlichem in die Toilette, das Sp\u00fclbecken oder die Dusche<\/p>\n","protected":false},"author":2,"featured_media":0,"parent":0,"menu_order":0,"comment_status":"closed","ping_status":"closed","template":"","meta":{"footnotes":""},"class_list":["post-3701","page","type-page","status-publish","hentry"],"translation":{"provider":"WPGlobus","version":"3.0.2","language":"de","enabled_languages":["en","de"],"languages":{"en":{"title":true,"content":true,"excerpt":false},"de":{"title":false,"content":false,"excerpt":false}}},"_links":{"self":[{"href":"https:\/\/zimmervermietung-deutschland.de\/de\/wp-json\/wp\/v2\/pages\/3701","targetHints":{"allow":["GET"]}}],"collection":[{"href":"https:\/\/zimmervermietung-deutschland.de\/de\/wp-json\/wp\/v2\/pages"}],"about":[{"href":"https:\/\/zimmervermietung-deutschland.de\/de\/wp-json\/wp\/v2\/types\/page"}],"author":[{"embeddable":true,"href":"https:\/\/zimmervermietung-deutschland.de\/de\/wp-json\/wp\/v2\/users\/2"}],"replies":[{"embeddable":true,"href":"https:\/\/zimmervermietung-deutschland.de\/de\/wp-json\/wp\/v2\/comments?post=3701"}],"version-history":[{"count":0,"href":"https:\/\/zimmervermietung-deutschland.de\/de\/wp-json\/wp\/v2\/pages\/3701\/revisions"}],"wp:attachment":[{"href":"https:\/\/zimmervermietung-deutschland.de\/de\/wp-json\/wp\/v2\/media?parent=3701"}],"curies":[{"name":"wp","href":"https:\/\/api.w.org\/{rel}","templated":true}]}}