{"id":3703,"date":"2025-01-19T14:06:36","date_gmt":"2025-01-19T13:06:36","guid":{"rendered":"https:\/\/zimmervermietung-deutschland.de\/?page_id=3703"},"modified":"2025-01-19T14:12:56","modified_gmt":"2025-01-19T13:12:56","slug":"agbs","status":"publish","type":"page","link":"https:\/\/zimmervermietung-deutschland.de\/de\/agbs\/","title":{"rendered":"AGB&#8217;s"},"content":{"rendered":"\n<h2 class=\"wp-block-heading\"><strong>Allgemeine Gesch\u00e4ftsbedingungen<\/strong><\/h2>\n\n\n\n<p>Mit der Nutzung unserer R\u00e4umlichkeiten der von uns vermieteten Zimmer im Weyersbusch 8<br>akzeptieren Sie unsere Gesch\u00e4ftsbedingungen sowie unsere Hausordnung mit Ihrer telefonischen<br>oder schriftlichen Reservierung, je nachdem welcher Zustand als erster eintritt.<\/p>\n\n\n\n<p>Mit threr Reservierung gehen Sie einen rechtsg\u00fcltigen und verbindlichen Beherbergungsvertrag ein.<br>Check in: ab 15.00 Uhr &#8211; Check out: 10.00 Uhr<\/p>\n\n\n\n<p>Widerruf<\/p>\n\n\n\n<p>Gem\u00e4\u00df \u00a7312g Abs. 2 Nr.9 BGB ist das Widerrufsrecht bei Beherbergungsvertr\u00e4gen au\u00dfer Kraft<br>gesetzt.<\/p>\n\n\n\n<p>Weitere Informationen finden Sie unter: http:\/\/www.recht-im-Tourismus.de\/Tipps\/Beherbergungs-<br>Vertrag\/MieteRuecktritt.html<\/p>\n\n\n\n<p><strong>R\u00fccktritt<\/strong><\/p>\n\n\n\n<p>Ein R\u00fccktritt vom Beherbergungsvertrag f\u00fcr die von uns get\u00e4tigte Reservierung ist nicht m\u00f6glich.<br>Jede get\u00e4tigte Reservierung ist rechtsverbindlich.<\/p>\n\n\n\n<p>Die Reservierung kann sowohl m\u00fcndlich \/ telefonisch, per Email oder in anderweitiger Schriftform<br>erfolgen.<\/p>\n\n\n\n<p>Der Vertrag zwischen Vermieter und Mieter bedarf daher nicht zwingend einer Schriftform.<\/p>\n\n\n\n<p><strong>Klartext<\/strong><\/p>\n\n\n\n<p>Das bedeutet, wenn Sie eine Reservierung f\u00fcr einen konkreten Zeitraum get\u00e4tigt haben, werden die<br>Kosten f\u00fcr den reservierten Zeitraum Ihnen bzw. Ihrer Kostenstelle \/ Unternehmen in voller H\u00f6he<br>berechnet.<\/p>\n\n\n\n<p>Das gilt ebenso, bzw. vor allem dann, wenn Sie die Abreise fr\u00fcher antreten oder sp\u00e4ter anreisen oder<br>auch gar nicht anreisen und dann die Rechnung k\u00fcrzen m\u00f6chten. Mit Ihrem Aufenthalt oder ihrer<br>Reservierung akzeptieren Sie unsere R\u00fccktrittsbedingungen.<\/p>\n\n\n\n<p><strong>Kosten<\/strong><\/p>\n\n\n\n<p>Die Kosten f\u00fcr Ihre gebuchten \u00dcbernachtungen sind am Tag der Anreise fur den gesamten Zeitraum<br>Ihrer Reservierung zu bezahlen.<\/p>\n\n\n\n<p>Bei Anreise kann von uns eine Kaution in H\u00f6he von 50,- Euro\/Person erhoben werden, die bei<br>\u00dcbergabe am Abreisetag von uns im Falle keines entstandenen selbstverschuldeten Schadens<br>selbstverst\u00e4ndlich wieder erstattet werden.<\/p>\n\n\n\n<p>Eventuelle Sch\u00e4den sowie aussergew\u00f6hnliche Reinigungskosten k\u00f6nnen von uns in Abzug gebracht<br>werden. Sollten die entstandenen Kosten durch Mi\u00dfachtung wie Schadenverursachung oder<br>Verunreinigung der R\u00e4ume diese Kaution \u00fcbersteigen, werden die entstehenden Mehrkosten in<br>Rechnung gestellt.<\/p>\n\n\n\n<p>Eventuelle Besch\u00e4digungen des Inventars werden mit der Kaution in Rechnung gestellt \/ verrechnet,<br>ebenso wie grobe Verunreinigungen oder au\u00dfergew\u00f6hnliche Abnutzungen des Inventars.<\/p>\n\n\n\n<p><strong>K\u00fcndigung des Beherbergungsvertrags<\/strong><\/p>\n\n\n\n<p>Eine sofortige beziehungsweise fristlose au\u00dferordentliche K\u00fcndigung des Beherbergungsvertrags<br>seitens des Inhabers ist in folgenden F\u00e4llen m\u00f6glich:<\/p>\n\n\n\n<ol class=\"wp-block-list\">\n<li>Nichtbeachtung \/ Missachtung der Hausordnung <\/li>\n\n\n\n<li>Verschmutzung <\/li>\n\n\n\n<li>Rauchen im Innenbereich der R\u00e4ume <\/li>\n\n\n\n<li>St\u00f6rung der Nachtruhe <\/li>\n\n\n\n<li>Vandalismus Nachweisbare entstandene Besch\u00e4digungen oder grobe Verunreinigungen werden in solchen F\u00e4llen mit den im Voraus gezahlten \u00dcbernachtungskosten verrechnet beziehungsweise nach entstandenem Aufwand zus\u00e4tzlich in Rechnung gestellt.<\/li>\n<\/ol>\n\n\n\n<p><\/p>\n","protected":false},"excerpt":{"rendered":"<p>Allgemeine Gesch\u00e4ftsbedingungen Mit der Nutzung unserer R\u00e4umlichkeiten der von uns vermieteten Zimmer im Weyersbusch 8akzeptieren Sie unsere Gesch\u00e4ftsbedingungen sowie unsere Hausordnung mit Ihrer telefonischenoder<\/p>\n","protected":false},"author":2,"featured_media":0,"parent":0,"menu_order":0,"comment_status":"closed","ping_status":"closed","template":"","meta":{"footnotes":""},"class_list":["post-3703","page","type-page","status-publish","hentry"],"translation":{"provider":"WPGlobus","version":"3.0.2","language":"de","enabled_languages":["en","de"],"languages":{"en":{"title":true,"content":true,"excerpt":false},"de":{"title":false,"content":false,"excerpt":false}}},"_links":{"self":[{"href":"https:\/\/zimmervermietung-deutschland.de\/de\/wp-json\/wp\/v2\/pages\/3703","targetHints":{"allow":["GET"]}}],"collection":[{"href":"https:\/\/zimmervermietung-deutschland.de\/de\/wp-json\/wp\/v2\/pages"}],"about":[{"href":"https:\/\/zimmervermietung-deutschland.de\/de\/wp-json\/wp\/v2\/types\/page"}],"author":[{"embeddable":true,"href":"https:\/\/zimmervermietung-deutschland.de\/de\/wp-json\/wp\/v2\/users\/2"}],"replies":[{"embeddable":true,"href":"https:\/\/zimmervermietung-deutschland.de\/de\/wp-json\/wp\/v2\/comments?post=3703"}],"version-history":[{"count":0,"href":"https:\/\/zimmervermietung-deutschland.de\/de\/wp-json\/wp\/v2\/pages\/3703\/revisions"}],"wp:attachment":[{"href":"https:\/\/zimmervermietung-deutschland.de\/de\/wp-json\/wp\/v2\/media?parent=3703"}],"curies":[{"name":"wp","href":"https:\/\/api.w.org\/{rel}","templated":true}]}}