{"id":3783,"date":"2025-04-01T09:28:26","date_gmt":"2025-04-01T07:28:26","guid":{"rendered":"https:\/\/zimmervermietung-deutschland.de\/?page_id=3783"},"modified":"2025-04-01T10:32:57","modified_gmt":"2025-04-01T08:32:57","slug":"erklarung-zur-barrierefreiheit","status":"publish","type":"page","link":"https:\/\/zimmervermietung-deutschland.de\/de\/erklarung-zur-barrierefreiheit\/","title":{"rendered":"Erkl\u00e4rung zur Barrierefreiheit"},"content":{"rendered":"\n<h2 class=\"wp-block-heading\">Erkl\u00e4rung zur Barrierefreiheit<\/h2>\n\n\n\n<p>Wir (Inteqmed GmbH) als Websitebetreiber sind bem\u00fcht, die Website in Einklang mit den einschl\u00e4gigen Vorschriften zur Barrierefreiheit zu gestalten. F\u00fcr uns gelten folgende Rechtsvorschriften:<\/p>\n\n\n\n<p>Gesetz des Landes Nordrhein-Westfalen zur Gleichstellung von Menschen mit Behinderung (Behindertengleichstellungsgesetz Nordrhein-Westfalen &#8211; BGG NRW) und Barrierefreie-Informationstechnik-Verordnung Nordrhein-Westfalen (BITVNRW)<\/p>\n\n\n\n<h2 class=\"wp-block-heading\">Website<\/h2>\n\n\n\n<p>Diese Erkl\u00e4rung zur Barrierefreiheit gilt f\u00fcr die Website <a href=\"https:\/\/zimmervermietung-deutschland.de\">https:\/\/zimmervermietung-deutschland.de<\/a>.<\/p>\n\n\n\n<h3 class=\"wp-block-heading\">Letzte Aktualisierung der Website<\/h3>\n\n\n\n<p>Diese Website wurde zuletzt am 01.01.2025 in wesentlichen Punkten inhaltlich \u00fcberarbeitet.<\/p>\n\n\n\n<h2 class=\"wp-block-heading\">Feedback und Kontaktangaben<\/h2>\n\n\n\n<p>Sind Ihnen M\u00e4ngel beim barrierefreien Zugang zu Inhalten auf unserer Website aufgefallen oder haben Sie Anmerkungen sowie Fragen zum barrierefreien Zugang? Melden Sie sich gerne bei uns unter:<\/p>\n\n\n\n<p>Inteqmed GmbH<br>Weyersbusch 8<br>42929 Wermelskirchen<\/p>\n\n\n\n<p>Tel.: +49 (0)2196-7 29 00 94<br>Fax: +49 (0)2196-7 29 00 98<\/p>\n\n\n\n<p>info@zimmervermietung-deutschland.de<br><a href=\"https:\/\/zimmervermietung-deutschland.de\/de\/contact-us\/\" data-type=\"page\" data-id=\"3762\">zimmervermietung-deutschland.de<\/a><\/p>\n\n\n\n<h2 class=\"wp-block-heading\">Telefonische Hilfe f\u00fcr Menschen mit Behinderungen<\/h2>\n\n\n\n<p>Wir verf\u00fcgen \u00fcber eine telefonische Hilfe-Hotline f\u00fcr Menschen mit Behinderungen und die Nutzer unterst\u00fctzender Technologien. Diese k\u00f6nnen Sie unter folgender Telefonnummer erreichen: <strong><strong>02196-7290094<\/strong><\/strong><\/p>\n\n\n\n<h2 class=\"wp-block-heading\">Stand der Vereinbarkeit mit den Anforderungen<\/h2>\n\n\n\n<p>Diese Website ist vollst\u00e4ndig mit den f\u00fcr uns geltenden Vorschriften zur Barrierefreiheit vereinbar.<\/p>\n\n\n\n<h2 class=\"wp-block-heading\">Durchsetzungsverfahren<\/h2>\n\n\n\n<p>Sollten Sie der Ansicht sein, dass Sie durch eine nicht ausreichende barrierefreie Gestaltung unserer Website benachteiligt sind, k\u00f6nnen Sie sich an die zust\u00e4ndige Durchsetzungsstelle wenden. Diese erreichen Sie unter:<\/p>\n\n\n\n<p>Ombudsstelle f\u00fcr barrierefreie Informationstechnik des Landes Nordrhein-Westfalen bei der Landesbeauftragten f\u00fcr Menschen mit Behinderungen<br>F\u00fcrstenwall 25<br>40219 D\u00fcsseldorf<\/p>\n\n\n\n<p>E-Mail: <a href=\"mailto:ombudsstelle-barrierefreie-it@mags.nrw.de\">ombudsstelle-barrierefreie-it@mags.nrw.de<\/a><\/p>\n\n\n\n<h2 class=\"wp-block-heading\">Erstellung dieser Erkl\u00e4rung zur Barrierefreiheit<\/h2>\n\n\n\n<p>Diese Erkl\u00e4rung wurde am 04.01.2025 erstellt.<\/p>\n\n\n\n<p>Die Erkl\u00e4rung wurde zuletzt am 31.03.2025 \u00fcberpr\u00fcft.<\/p>\n\n\n\n<p>Quelle: <a href=\"https:\/\/www.e-recht24.de\">https:\/\/www.e-recht24.de<\/a><\/p>\n\n\n\n<p><\/p>\n","protected":false},"excerpt":{"rendered":"<p>Erkl\u00e4rung zur Barrierefreiheit Wir (Inteqmed GmbH) als Websitebetreiber sind bem\u00fcht, die Website in Einklang mit den einschl\u00e4gigen Vorschriften zur Barrierefreiheit zu gestalten. F\u00fcr uns<\/p>\n","protected":false},"author":2,"featured_media":0,"parent":0,"menu_order":0,"comment_status":"closed","ping_status":"closed","template":"","meta":{"footnotes":""},"class_list":["post-3783","page","type-page","status-publish","hentry"],"translation":{"provider":"WPGlobus","version":"3.0.2","language":"de","enabled_languages":["en","de"],"languages":{"en":{"title":true,"content":true,"excerpt":false},"de":{"title":false,"content":false,"excerpt":false}}},"_links":{"self":[{"href":"https:\/\/zimmervermietung-deutschland.de\/de\/wp-json\/wp\/v2\/pages\/3783","targetHints":{"allow":["GET"]}}],"collection":[{"href":"https:\/\/zimmervermietung-deutschland.de\/de\/wp-json\/wp\/v2\/pages"}],"about":[{"href":"https:\/\/zimmervermietung-deutschland.de\/de\/wp-json\/wp\/v2\/types\/page"}],"author":[{"embeddable":true,"href":"https:\/\/zimmervermietung-deutschland.de\/de\/wp-json\/wp\/v2\/users\/2"}],"replies":[{"embeddable":true,"href":"https:\/\/zimmervermietung-deutschland.de\/de\/wp-json\/wp\/v2\/comments?post=3783"}],"version-history":[{"count":2,"href":"https:\/\/zimmervermietung-deutschland.de\/de\/wp-json\/wp\/v2\/pages\/3783\/revisions"}],"predecessor-version":[{"id":3785,"href":"https:\/\/zimmervermietung-deutschland.de\/de\/wp-json\/wp\/v2\/pages\/3783\/revisions\/3785"}],"wp:attachment":[{"href":"https:\/\/zimmervermietung-deutschland.de\/de\/wp-json\/wp\/v2\/media?parent=3783"}],"curies":[{"name":"wp","href":"https:\/\/api.w.org\/{rel}","templated":true}]}}