{"id":555,"date":"2021-11-18T14:01:43","date_gmt":"2021-11-18T14:01:43","guid":{"rendered":"https:\/\/bh.artstudioworks.net\/?page_id=555"},"modified":"2024-04-08T02:54:51","modified_gmt":"2024-04-08T00:54:51","slug":"home-3","status":"publish","type":"page","link":"https:\/\/zimmervermietung-deutschland.de\/de\/","title":{"rendered":"Home"},"content":{"rendered":"<style>\/*! elementor - v3.12.2 - 23-04-2023 *\/\n.elementor-widget-image{text-align:center}.elementor-widget-image a{display:inline-block}.elementor-widget-image a img[src$=\".svg\"]{width:48px}.elementor-widget-image img{vertical-align:middle;display:inline-block}<\/style>\n<p>\t\t\t\t\t\t\t\t\t\t\t\t<img loading=\"lazy\" decoding=\"async\" width=\"1823\" height=\"730\" src=\"https:\/\/zimmervermietung-deutschland.de\/wp-content\/uploads\/2023\/04\/home-banner.jpg\" alt=\"\" loading=\"lazy\" srcset=\"https:\/\/zimmervermietung-deutschland.de\/wp-content\/uploads\/2023\/04\/home-banner.jpg 1823w, https:\/\/zimmervermietung-deutschland.de\/wp-content\/uploads\/2023\/04\/home-banner-480x192.jpg 480w, https:\/\/zimmervermietung-deutschland.de\/wp-content\/uploads\/2023\/04\/home-banner-1536x615.jpg 1536w, https:\/\/zimmervermietung-deutschland.de\/wp-content\/uploads\/2023\/04\/home-banner-750x300.jpg 750w, https:\/\/zimmervermietung-deutschland.de\/wp-content\/uploads\/2023\/04\/home-banner-600x240.jpg 600w\" sizes=\"auto, (max-width: 1823px) 100vw, 1823px\" \/>\t\t\t\t\t\t\t\t\t\t\t\t\t\t\t<\/p>\n<style>\/*! elementor - v3.12.2 - 23-04-2023 *\/\n.elementor-heading-title{padding:0;margin:0;line-height:1}.elementor-widget-heading .elementor-heading-title[class*=elementor-size-]>a{color:inherit;font-size:inherit;line-height:inherit}.elementor-widget-heading .elementor-heading-title.elementor-size-small{font-size:15px}.elementor-widget-heading .elementor-heading-title.elementor-size-medium{font-size:19px}.elementor-widget-heading .elementor-heading-title.elementor-size-large{font-size:29px}.elementor-widget-heading .elementor-heading-title.elementor-size-xl{font-size:39px}.elementor-widget-heading .elementor-heading-title.elementor-size-xxl{font-size:59px}<\/style>\n<h5>G\u00e4stezimmer<\/h5>\n<h2><small style=\"font-size: 16px\">ab <\/small>24 \u20ac<\/h2>\n<p>\t\tpro Person f\u00fcr eine Nacht<br \/>\t<br \/>\n\t\t\t\t\t\t\t\t\t\t\t\t\t\t\t<img loading=\"lazy\" decoding=\"async\" width=\"261\" height=\"101\" src=\"https:\/\/zimmervermietung-deutschland.de\/wp-content\/uploads\/2021\/11\/img2.png\" alt=\"\" loading=\"lazy\" \/>\t\t\t\t\t\t\t\t\t\t\t\t\t\t\t<\/p>\n<style>\/*! elementor - v3.12.2 - 23-04-2023 *\/\n.elementor-widget-divider{--divider-border-style:none;--divider-border-width:1px;--divider-color:#0c0d0e;--divider-icon-size:20px;--divider-element-spacing:10px;--divider-pattern-height:24px;--divider-pattern-size:20px;--divider-pattern-url:none;--divider-pattern-repeat:repeat-x}.elementor-widget-divider .elementor-divider{display:flex}.elementor-widget-divider .elementor-divider__text{font-size:15px;line-height:1;max-width:95%}.elementor-widget-divider .elementor-divider__element{margin:0 var(--divider-element-spacing);flex-shrink:0}.elementor-widget-divider .elementor-icon{font-size:var(--divider-icon-size)}.elementor-widget-divider .elementor-divider-separator{display:flex;margin:0;direction:ltr}.elementor-widget-divider--view-line_icon .elementor-divider-separator,.elementor-widget-divider--view-line_text .elementor-divider-separator{align-items:center}.elementor-widget-divider--view-line_icon .elementor-divider-separator:after,.elementor-widget-divider--view-line_icon .elementor-divider-separator:before,.elementor-widget-divider--view-line_text .elementor-divider-separator:after,.elementor-widget-divider--view-line_text .elementor-divider-separator:before{display:block;content:\"\";border-bottom:0;flex-grow:1;border-top:var(--divider-border-width) var(--divider-border-style) var(--divider-color)}.elementor-widget-divider--element-align-left .elementor-divider .elementor-divider-separator>.elementor-divider__svg:first-of-type{flex-grow:0;flex-shrink:100}.elementor-widget-divider--element-align-left .elementor-divider-separator:before{content:none}.elementor-widget-divider--element-align-left .elementor-divider__element{margin-left:0}.elementor-widget-divider--element-align-right .elementor-divider .elementor-divider-separator>.elementor-divider__svg:last-of-type{flex-grow:0;flex-shrink:100}.elementor-widget-divider--element-align-right .elementor-divider-separator:after{content:none}.elementor-widget-divider--element-align-right .elementor-divider__element{margin-right:0}.elementor-widget-divider:not(.elementor-widget-divider--view-line_text):not(.elementor-widget-divider--view-line_icon) .elementor-divider-separator{border-top:var(--divider-border-width) var(--divider-border-style) var(--divider-color)}.elementor-widget-divider--separator-type-pattern{--divider-border-style:none}.elementor-widget-divider--separator-type-pattern.elementor-widget-divider--view-line .elementor-divider-separator,.elementor-widget-divider--separator-type-pattern:not(.elementor-widget-divider--view-line) .elementor-divider-separator:after,.elementor-widget-divider--separator-type-pattern:not(.elementor-widget-divider--view-line) .elementor-divider-separator:before,.elementor-widget-divider--separator-type-pattern:not([class*=elementor-widget-divider--view]) .elementor-divider-separator{width:100%;min-height:var(--divider-pattern-height);-webkit-mask-size:var(--divider-pattern-size) 100%;mask-size:var(--divider-pattern-size) 100%;-webkit-mask-repeat:var(--divider-pattern-repeat);mask-repeat:var(--divider-pattern-repeat);background-color:var(--divider-color);-webkit-mask-image:var(--divider-pattern-url);mask-image:var(--divider-pattern-url)}.elementor-widget-divider--no-spacing{--divider-pattern-size:auto}.elementor-widget-divider--bg-round{--divider-pattern-repeat:round}.rtl .elementor-widget-divider .elementor-divider__text{direction:rtl}.e-con-inner>.elementor-widget-divider,.e-con>.elementor-widget-divider{width:var(--container-widget-width,100%);--flex-grow:var(--container-widget-flex-grow)}<\/style>\n<h2>Willkommen und Wohlf\u00fchlen<\/h2>\n<p>\t\t\t\t\t\t\t\t\t\t\t\t\t\t\t<img loading=\"lazy\" decoding=\"async\" width=\"508\" height=\"460\" src=\"https:\/\/zimmervermietung-deutschland.de\/wp-content\/uploads\/2023\/04\/home-preview.jpg\" alt=\"\" loading=\"lazy\" srcset=\"https:\/\/zimmervermietung-deutschland.de\/wp-content\/uploads\/2023\/04\/home-preview.jpg 508w, https:\/\/zimmervermietung-deutschland.de\/wp-content\/uploads\/2023\/04\/home-preview-480x435.jpg 480w\" sizes=\"auto, (max-width: 508px) 100vw, 508px\" \/>\t\t\t\t\t\t\t\t\t\t\t\t\t\t\t<\/p>\n<p>Wir bieten Ihnen au\u00dfergew\u00f6hnliches Ambiente in unseren komfortablen, ruhigen und neuen G\u00e4stezimmern mit 4 neuen modernen B\u00e4dern. Ausgeruht schlafen in luxuri\u00f6sen Boxspringbetten, auch mit automatischer Kopf-Fu\u00df und Lendenwirbelverstellung buchbar. Sie werden begeistert sein, unsere Stammg\u00e4ste sind der beste Beweis.<\/p>\n<p>\t\t\t<a href=\"https:\/\/zimmervermietung-deutschland.de\/de\/room-description\/\" role=\"button\"><br \/>\n\t\t\t\t\t\tZimmerbeschreibung<br \/>\n\t\t\t\t\t<\/a><br \/>\n\t\t\t\t\t\t\t\t\t\t\t\t\t\t\t<img loading=\"lazy\" decoding=\"async\" width=\"508\" height=\"460\" src=\"https:\/\/zimmervermietung-deutschland.de\/wp-content\/uploads\/2023\/04\/home-preview.jpg\" alt=\"\" loading=\"lazy\" srcset=\"https:\/\/zimmervermietung-deutschland.de\/wp-content\/uploads\/2023\/04\/home-preview.jpg 508w, https:\/\/zimmervermietung-deutschland.de\/wp-content\/uploads\/2023\/04\/home-preview-480x435.jpg 480w\" sizes=\"auto, (max-width: 508px) 100vw, 508px\" \/>\t\t\t\t\t\t\t\t\t\t\t\t\t\t\t<\/p>\n<h2>G\u00e4stezimmer &#038; Appartements<\/h2>\n<p>\t\t\t\t\t\t\t\t\t\t\t\t\t\t\t<img decoding=\"async\" src=\"https:\/\/zimmervermietung-deutschland.de\/wp-content\/uploads\/elementor\/thumbs\/Raum-3-01-q4yi4atspyaldxvbg3ztdjd8jsvjcqae24fb4huee8.jpg\" title=\"Raum 3-01\" alt=\"Raum 3-01\" loading=\"lazy\" \/><br \/>\n\t\t\t\t\t\t\t\t\t\t\t\t\t\t\t<img decoding=\"async\" src=\"https:\/\/zimmervermietung-deutschland.de\/wp-content\/uploads\/elementor\/thumbs\/Raum-6-01-q4yi4m3youfdl497rtc4ttxab5d07843x9e0dagczg.jpg\" title=\"Raum 6-01\" alt=\"Raum 6-01\" loading=\"lazy\" \/><br \/>\n\t\t\t\t\t\t\t\t\t\t\t\t\t\t\t<img decoding=\"async\" src=\"https:\/\/zimmervermietung-deutschland.de\/wp-content\/uploads\/elementor\/thumbs\/home-gallery-3-q4uu4wfhlgc3kovj08jjfhi3xqbu6zkon2vqhlombk.jpg\" title=\"home-gallery-3\" alt=\"home-gallery-3\" loading=\"lazy\" \/><\/p>\n","protected":false},"excerpt":{"rendered":"<p>G\u00e4stezimmer ab 24 \u20ac pro Person f\u00fcr eine Nacht Willkommen und Wohlf\u00fchlen Wir bieten Ihnen au\u00dfergew\u00f6hnliches Ambiente in unseren komfortablen, ruhigen und neuen G\u00e4stezimmern<\/p>\n","protected":false},"author":1,"featured_media":0,"parent":0,"menu_order":0,"comment_status":"closed","ping_status":"closed","template":"","meta":{"footnotes":""},"class_list":["post-555","page","type-page","status-publish","hentry"],"translation":{"provider":"WPGlobus","version":"3.0.2","language":"de","enabled_languages":["en","de"],"languages":{"en":{"title":true,"content":true,"excerpt":false},"de":{"title":true,"content":true,"excerpt":false}}},"_links":{"self":[{"href":"https:\/\/zimmervermietung-deutschland.de\/de\/wp-json\/wp\/v2\/pages\/555","targetHints":{"allow":["GET"]}}],"collection":[{"href":"https:\/\/zimmervermietung-deutschland.de\/de\/wp-json\/wp\/v2\/pages"}],"about":[{"href":"https:\/\/zimmervermietung-deutschland.de\/de\/wp-json\/wp\/v2\/types\/page"}],"author":[{"embeddable":true,"href":"https:\/\/zimmervermietung-deutschland.de\/de\/wp-json\/wp\/v2\/users\/1"}],"replies":[{"embeddable":true,"href":"https:\/\/zimmervermietung-deutschland.de\/de\/wp-json\/wp\/v2\/comments?post=555"}],"version-history":[{"count":0,"href":"https:\/\/zimmervermietung-deutschland.de\/de\/wp-json\/wp\/v2\/pages\/555\/revisions"}],"wp:attachment":[{"href":"https:\/\/zimmervermietung-deutschland.de\/de\/wp-json\/wp\/v2\/media?parent=555"}],"curies":[{"name":"wp","href":"https:\/\/api.w.org\/{rel}","templated":true}]}}